{"id":15,"date":"2025-09-02T15:56:44","date_gmt":"2025-09-02T13:56:44","guid":{"rendered":"http:\/\/reyessantana.com\/grupo\/?page_id=15"},"modified":"2025-09-08T18:01:42","modified_gmt":"2025-09-08T16:01:42","slug":"inicio","status":"publish","type":"page","link":"https:\/\/reyessantana.com\/grupo\/","title":{"rendered":"Inicio"},"content":{"rendered":"\n<div class=\"wp-block-cover alignfull\" style=\"min-height:607px;aspect-ratio:unset;\"><img decoding=\"async\" class=\"wp-block-cover__image-background\" alt=\"\" src=\"http:\/\/reyessantana.com\/grupo\/wp-content\/themes\/neve\/assets\/img\/starter-content\/neve-hero-2.png\" style=\"object-position:50% 72%\" data-object-fit=\"cover\" data-object-position=\"50% 72%\"\/><span aria-hidden=\"true\" class=\"wp-block-cover__background has-background-dim-0 has-background-dim\"><\/span><div class=\"wp-block-cover__inner-container is-layout-flow wp-block-cover-is-layout-flow\">\n<div class=\"wp-block-columns are-vertically-aligned-center is-layout-flex wp-container-core-columns-is-layout-9d6595d7 wp-block-columns-is-layout-flex\">\n<div class=\"wp-block-column is-vertically-aligned-center is-layout-flow wp-block-column-is-layout-flow\" style=\"padding-right:var(--wp--preset--spacing--20);padding-left:var(--wp--preset--spacing--20);flex-basis:65%\">\n<h1 class=\"wp-block-heading has-text-align-left has-nv-text-dark-bg-color has-text-color has-x-large-font-size\">Soluciones tecnol\u00f3gicas en Canarias<\/h1>\n\n\n\n<p class=\"has-text-align-left has-nv-text-dark-bg-color has-text-color\" style=\"font-size:17px\">electr\u00f3nica | electricidad | redes<\/p>\n\n\n\n<div class=\"wp-block-buttons is-horizontal is-content-justification-left is-layout-flex wp-container-core-buttons-is-layout-7e5fce0a wp-block-buttons-is-layout-flex\">\n<div class=\"wp-block-button is-style-primary\"><a class=\"wp-block-button__link has-text-color has-background has-link-color wp-element-button\" href=\"https:\/\/reyessantana.com\/grupo\/index.php\/contact\/\" style=\"color:#0a2279;background-color:#ffffff\" target=\"_blank\" rel=\"noreferrer noopener\">Contacta<\/a><\/div>\n<\/div>\n\n\n\n<div style=\"height:100px\" aria-hidden=\"true\" class=\"wp-block-spacer\"><\/div>\n<\/div>\n\n\n\n<div class=\"wp-block-column is-vertically-aligned-center is-layout-flow wp-block-column-is-layout-flow\"><\/div>\n<\/div>\n<\/div><\/div>\n\n\n\n<div style=\"height:40px\" aria-hidden=\"true\" class=\"wp-block-spacer\"><\/div>\n\n\n\n<div class=\"wp-block-columns is-layout-flex wp-container-core-columns-is-layout-9d6595d7 wp-block-columns-is-layout-flex\">\n<div class=\"wp-block-column neve-duotone is-layout-flow wp-block-column-is-layout-flow\" style=\"padding-right:var(--wp--preset--spacing--30);padding-left:var(--wp--preset--spacing--30)\">\n<figure class=\"wp-block-gallery aligncenter has-nested-images columns-default is-cropped wp-block-gallery-2 is-layout-flex wp-block-gallery-is-layout-flex\"><div class=\"wp-block-image icon-style is-style-default wp-duotone-unset-1\">\n<figure class=\"aligncenter size-full has-custom-border\"><img decoding=\"async\" src=\"https:\/\/reyessantana.com\/grupo\/wp-content\/themes\/neve\/assets\/img\/starter-content\/neve-marketing-icon-1.png\" alt=\"\" style=\"border-radius:0px\" title=\"\"\/><\/figure>\n<\/div><\/figure>\n\n\n\n<div style=\"height:16px\" aria-hidden=\"true\" class=\"wp-block-spacer\"><\/div>\n\n\n\n<h3 class=\"wp-block-heading has-text-align-center has-neve-text-color-color has-text-color\">Negocios<\/h3>\n\n\n\n<p class=\"has-text-align-center\">Ayudamos a tu negocio con todo tipo de soluciones tecnol\u00f3gicas<\/p>\n\n\n\n<div style=\"height:20px\" aria-hidden=\"true\" class=\"wp-block-spacer\"><\/div>\n<\/div>\n\n\n\n<div class=\"wp-block-column is-layout-flow wp-block-column-is-layout-flow\" style=\"padding-right:var(--wp--preset--spacing--30);padding-left:var(--wp--preset--spacing--30)\"><div class=\"wp-block-image icon-style is-style-default\">\n<figure class=\"aligncenter size-full has-custom-border\"><img decoding=\"async\" src=\"https:\/\/reyessantana.com\/grupo\/wp-content\/themes\/neve\/assets\/img\/starter-content\/neve-marketing-icon-4.1.png\" alt=\"\" style=\"border-radius:0px\" title=\"\"\/><\/figure>\n<\/div>\n\n\n<div style=\"height:16px\" aria-hidden=\"true\" class=\"wp-block-spacer\"><\/div>\n\n\n\n<h3 class=\"wp-block-heading has-text-align-center has-neve-text-color-color has-text-color\">Productos<\/h3>\n\n\n\n<p class=\"has-text-align-center\">Venta de las mejores marcas electr\u00f3nicas | cctv<\/p>\n\n\n\n<div style=\"height:20px\" aria-hidden=\"true\" class=\"wp-block-spacer\"><\/div>\n<\/div>\n\n\n\n<div class=\"wp-block-column is-layout-flow wp-block-column-is-layout-flow\" style=\"padding-right:var(--wp--preset--spacing--30);padding-left:var(--wp--preset--spacing--30)\"><div class=\"wp-block-image icon-style is-style-default wp-duotone-unset-3\">\n<figure class=\"aligncenter size-full has-custom-border\"><img decoding=\"async\" src=\"http:\/\/reyessantana.com\/grupo\/wp-content\/themes\/neve\/assets\/img\/starter-content\/neve-marketing-icon-3.1.png\" alt=\"\" style=\"border-radius:0px\" title=\"\"\/><\/figure>\n<\/div>\n\n\n<div style=\"height:16px\" aria-hidden=\"true\" class=\"wp-block-spacer\"><\/div>\n\n\n\n<h3 class=\"wp-block-heading has-text-align-center has-neve-text-color-color has-text-color\">Proyectos<\/h3>\n\n\n\n<p class=\"has-text-align-center\">Te ayudamos a que tu proyecto sea una realidad<\/p>\n\n\n\n<div style=\"height:20px\" aria-hidden=\"true\" class=\"wp-block-spacer\"><\/div>\n<\/div>\n\n\n\n<div class=\"wp-block-column is-layout-flow wp-block-column-is-layout-flow\" style=\"padding-right:var(--wp--preset--spacing--30);padding-left:var(--wp--preset--spacing--30)\"><div class=\"wp-block-image icon-style is-style-default wp-duotone-unset-4\">\n<figure class=\"aligncenter size-full has-custom-border\"><img decoding=\"async\" src=\"http:\/\/reyessantana.com\/grupo\/wp-content\/themes\/neve\/assets\/img\/starter-content\/neve-marketing-icon-2.png\" alt=\"\" style=\"border-radius:0px\" title=\"\"\/><\/figure>\n<\/div>\n\n\n<div style=\"height:16px\" aria-hidden=\"true\" class=\"wp-block-spacer\"><\/div>\n\n\n\n<h3 class=\"wp-block-heading has-text-align-center has-neve-text-color-color has-text-color\">Presupuestos<\/h3>\n\n\n\n<p class=\"has-text-align-center\">Tu presupuesto sin compromiso en las 7 islas<\/p>\n\n\n\n<div style=\"height:20px\" aria-hidden=\"true\" class=\"wp-block-spacer\"><\/div>\n<\/div>\n<\/div>\n\n\n\n<div class=\"wp-block-cover alignfull\" style=\"min-height:600px;aspect-ratio:unset;\"><span aria-hidden=\"true\" class=\"wp-block-cover__background has-nv-light-bg-background-color has-background-dim-80 has-background-dim\"><\/span><div class=\"wp-block-cover__inner-container is-layout-flow wp-block-cover-is-layout-flow\">\n<div class=\"wp-block-group\"><div class=\"wp-block-group__inner-container is-layout-flow wp-block-group-is-layout-flow\">\n<div style=\"height:80px\" aria-hidden=\"true\" class=\"wp-block-spacer\"><\/div>\n\n\n\n<div class=\"wp-block-columns is-layout-flex wp-container-core-columns-is-layout-9d6595d7 wp-block-columns-is-layout-flex\">\n<div class=\"wp-block-column is-layout-flow wp-block-column-is-layout-flow\" style=\"padding-right:0;padding-left:0;flex-basis:20%\">\n<div class=\"wp-block-group is-vertical is-content-justification-center is-layout-flex wp-container-core-group-is-layout-4b2eccd6 wp-block-group-is-layout-flex\"><\/div>\n<\/div>\n\n\n\n<div class=\"wp-block-column is-layout-flow wp-block-column-is-layout-flow\" style=\"flex-basis:60%\">\n<div class=\"wp-block-group is-vertical is-content-justification-center is-layout-flex wp-container-core-group-is-layout-4b2eccd6 wp-block-group-is-layout-flex\">\n<h2 class=\"wp-block-heading has-text-align-center has-neve-text-color-color has-text-color has-link-color wp-elements-246a8ba89fd96bb7112a48ddd7eb2ddb\">Servicios<\/h2>\n\n\n\n<p class=\"has-text-align-center has-neve-text-color-color has-text-color has-link-color wp-elements-f76e653d79af3897058a6bee3c8a0a8d\">electr\u00f3nica | electricidad | seguridad privada (cctv y alarmas)<\/p>\n\n\n\n<div style=\"height:0px\" aria-hidden=\"true\" class=\"wp-block-spacer wp-container-content-541a6b20\"><\/div>\n<\/div>\n<\/div>\n\n\n\n<div class=\"wp-block-column is-layout-flow wp-block-column-is-layout-flow\" style=\"flex-basis:20%\">\n<div class=\"wp-block-group is-vertical is-content-justification-center is-layout-flex wp-container-core-group-is-layout-4b2eccd6 wp-block-group-is-layout-flex\"><\/div>\n<\/div>\n<\/div>\n\n\n\n<div class=\"wp-block-columns are-vertically-aligned-center is-layout-flex wp-container-core-columns-is-layout-9d6595d7 wp-block-columns-is-layout-flex\">\n<div class=\"wp-block-column is-vertically-aligned-center is-layout-flow wp-block-column-is-layout-flow\" style=\"padding-right:var(--wp--preset--spacing--30);padding-left:var(--wp--preset--spacing--30);flex-basis:50%\">\n<figure class=\"wp-block-image size-full has-custom-border\"><img loading=\"lazy\" decoding=\"async\" width=\"1080\" height=\"1350\" src=\"http:\/\/reyessantana.com\/grupo\/wp-content\/uploads\/2025\/09\/Post-de-Instagram-de-camaras-de-seguridad-moderno-color-negro-con-blanco-y-amarillo.png\" alt=\"\" class=\"wp-image-66\" style=\"border-radius:16px\" srcset=\"https:\/\/reyessantana.com\/grupo\/wp-content\/uploads\/2025\/09\/Post-de-Instagram-de-camaras-de-seguridad-moderno-color-negro-con-blanco-y-amarillo.png 1080w, https:\/\/reyessantana.com\/grupo\/wp-content\/uploads\/2025\/09\/Post-de-Instagram-de-camaras-de-seguridad-moderno-color-negro-con-blanco-y-amarillo-240x300.png 240w, https:\/\/reyessantana.com\/grupo\/wp-content\/uploads\/2025\/09\/Post-de-Instagram-de-camaras-de-seguridad-moderno-color-negro-con-blanco-y-amarillo-819x1024.png 819w, https:\/\/reyessantana.com\/grupo\/wp-content\/uploads\/2025\/09\/Post-de-Instagram-de-camaras-de-seguridad-moderno-color-negro-con-blanco-y-amarillo-768x960.png 768w\" sizes=\"auto, (max-width: 1080px) 100vw, 1080px\" \/><\/figure>\n\n\n\n<div style=\"height:24px\" aria-hidden=\"true\" class=\"wp-block-spacer\"><\/div>\n\n\n\n<h3 class=\"wp-block-heading has-text-align-center has-neve-text-color-color has-text-color\">videovigilancia adaptada a tu hogar | negocio | comunidad de propietarios con financiaci\u00f3n sin intereses<\/h3>\n\n\n\n<p>s<\/p>\n\n\n\n<div style=\"height:40px\" aria-hidden=\"true\" class=\"wp-block-spacer\"><\/div>\n<\/div>\n\n\n\n<div class=\"wp-block-column is-vertically-aligned-center is-layout-flow wp-block-column-is-layout-flow\" style=\"padding-right:var(--wp--preset--spacing--30);padding-left:var(--wp--preset--spacing--30);flex-basis:50%\">\n<figure class=\"wp-block-image size-full has-custom-border\"><img loading=\"lazy\" decoding=\"async\" width=\"1080\" height=\"1350\" src=\"http:\/\/reyessantana.com\/grupo\/wp-content\/uploads\/2025\/09\/Post-de-Instagram-soporte-tecnico-reparacion-de-computadoras-verde-negro-moderno.png\" alt=\"\" class=\"wp-image-65\" style=\"border-radius:16px\" srcset=\"https:\/\/reyessantana.com\/grupo\/wp-content\/uploads\/2025\/09\/Post-de-Instagram-soporte-tecnico-reparacion-de-computadoras-verde-negro-moderno.png 1080w, https:\/\/reyessantana.com\/grupo\/wp-content\/uploads\/2025\/09\/Post-de-Instagram-soporte-tecnico-reparacion-de-computadoras-verde-negro-moderno-240x300.png 240w, https:\/\/reyessantana.com\/grupo\/wp-content\/uploads\/2025\/09\/Post-de-Instagram-soporte-tecnico-reparacion-de-computadoras-verde-negro-moderno-819x1024.png 819w, https:\/\/reyessantana.com\/grupo\/wp-content\/uploads\/2025\/09\/Post-de-Instagram-soporte-tecnico-reparacion-de-computadoras-verde-negro-moderno-768x960.png 768w\" sizes=\"auto, (max-width: 1080px) 100vw, 1080px\" \/><\/figure>\n\n\n\n<div style=\"height:24px\" aria-hidden=\"true\" class=\"wp-block-spacer\"><\/div>\n\n\n\n<h3 class=\"wp-block-heading has-text-align-center has-neve-text-color-color has-text-color\">Empresa instaladora baja tensi\u00f3n especializada en aver\u00edas y ampliaciones de instalaciones<\/h3>\n\n\n\n<p><\/p>\n\n\n\n<div style=\"height:40px\" aria-hidden=\"true\" class=\"wp-block-spacer\"><\/div>\n<\/div>\n<\/div>\n<\/div><\/div>\n<\/div><\/div>\n\n\n\n<div class=\"wp-block-cover alignfull has-nv-text-dark-bg-color has-text-color has-link-color wp-elements-cc7d17a73ea94f639dd33becf9631391\" style=\"min-height:420px;aspect-ratio:unset;\"><span aria-hidden=\"true\" class=\"wp-block-cover__background has-nv-dark-bg-background-color has-background-dim-100 has-background-dim\"><\/span><div class=\"wp-block-cover__inner-container is-layout-flow wp-block-cover-is-layout-flow\">\n<div style=\"height:80px\" aria-hidden=\"true\" class=\"wp-block-spacer\"><\/div>\n\n\n\n<div class=\"wp-block-columns is-layout-flex wp-container-core-columns-is-layout-9d6595d7 wp-block-columns-is-layout-flex\">\n<div class=\"wp-block-column ticss-4ce656f1 is-layout-flow wp-block-column-is-layout-flow\"><div class=\"wp-block-image is-style-rounded\">\n<figure class=\"aligncenter size-full is-resized\"><img loading=\"lazy\" decoding=\"async\" width=\"512\" height=\"512\" src=\"http:\/\/reyessantana.com\/grupo\/wp-content\/uploads\/2025\/09\/197548.png\" alt=\"\" class=\"wp-image-76\" style=\"width:80px;height:80px\" srcset=\"https:\/\/reyessantana.com\/grupo\/wp-content\/uploads\/2025\/09\/197548.png 512w, https:\/\/reyessantana.com\/grupo\/wp-content\/uploads\/2025\/09\/197548-300x300.png 300w, https:\/\/reyessantana.com\/grupo\/wp-content\/uploads\/2025\/09\/197548-150x150.png 150w\" sizes=\"auto, (max-width: 512px) 100vw, 512px\" \/><\/figure>\n<\/div>\n\n\n<div style=\"height:24px\" aria-hidden=\"true\" class=\"wp-block-spacer\"><\/div>\n\n\n\n<p class=\"has-text-align-center has-nv-text-dark-bg-color has-text-color has-link-color wp-elements-f65b9f3309dedb9b1d9db909798fc98b\">\u00bfdonde suelen operar?\u201c<\/p>\n\n\n\n<p class=\"has-text-align-center has-nv-text-dark-bg-color has-text-color has-small-font-size\" style=\"text-transform:uppercase\"><strong>nuestra sede principal se encuentra en el poligono de arinaga (las palmas) pero los proyectos que realizamos los encajamos perfectamente a las 7 islas<\/strong><\/p>\n\n\n\n<div style=\"height:20px\" aria-hidden=\"true\" class=\"wp-block-spacer\"><\/div>\n<\/div>\n\n\n\n<div class=\"wp-block-column ticss-f6fc7494 is-layout-flow wp-block-column-is-layout-flow\"><div class=\"wp-block-image is-style-rounded\">\n<figure class=\"aligncenter size-full is-resized\"><img decoding=\"async\" src=\"http:\/\/reyessantana.com\/grupo\/wp-content\/themes\/neve\/assets\/img\/starter-content\/neve-marketing-agency-03.png\" alt=\"\" style=\"width:80px;height:80px\"\/><\/figure>\n<\/div>\n\n\n<div style=\"height:24px\" aria-hidden=\"true\" class=\"wp-block-spacer\"><\/div>\n\n\n\n<p class=\"has-text-align-center has-nv-text-dark-bg-color has-text-color\">\u00bfpuedo financiar una instalaci\u00f3n de c\u00e1maras y luces de emergencia en mi comunidad?<\/p>\n\n\n\n<p class=\"has-text-align-center has-nv-text-dark-bg-color has-text-color has-small-font-size\" style=\"text-transform:uppercase\"><strong>si correcto, previa negociacion previa | llevamos a\u00f1os facilitando el pago aplazado sin intereses en comunidades de propietarios con el fin de evitar derramas <\/strong><\/p>\n\n\n\n<div style=\"height:20px\" aria-hidden=\"true\" class=\"wp-block-spacer\"><\/div>\n<\/div>\n\n\n\n<div class=\"wp-block-column ticss-a5b4df29 is-layout-flow wp-block-column-is-layout-flow\"><div class=\"wp-block-image is-style-rounded\">\n<figure class=\"aligncenter size-full is-resized\"><img loading=\"lazy\" decoding=\"async\" width=\"512\" height=\"512\" src=\"http:\/\/reyessantana.com\/grupo\/wp-content\/uploads\/2025\/09\/4647679-1.png\" alt=\"\" class=\"wp-image-56\" style=\"width:80px;height:80px\" srcset=\"https:\/\/reyessantana.com\/grupo\/wp-content\/uploads\/2025\/09\/4647679-1.png 512w, https:\/\/reyessantana.com\/grupo\/wp-content\/uploads\/2025\/09\/4647679-1-300x300.png 300w, https:\/\/reyessantana.com\/grupo\/wp-content\/uploads\/2025\/09\/4647679-1-150x150.png 150w\" sizes=\"auto, (max-width: 512px) 100vw, 512px\" \/><\/figure>\n<\/div>\n\n\n<div style=\"height:24px\" aria-hidden=\"true\" class=\"wp-block-spacer\"><\/div>\n\n\n\n<p class=\"has-text-align-center has-nv-text-dark-bg-color has-text-color\">\u00bfcuanto tiempo llevan con la actividad?<\/p>\n\n\n\n<p class=\"has-text-align-center has-nv-text-dark-bg-color has-text-color has-small-font-size\" style=\"text-transform:uppercase\"><strong>desde 2008 llevamos aportando soluciones a tu hogar | negocio | comunidades<\/strong><\/p>\n\n\n\n<div style=\"height:20px\" aria-hidden=\"true\" class=\"wp-block-spacer\"><\/div>\n<\/div>\n<\/div>\n\n\n\n<div style=\"height:0px\" aria-hidden=\"true\" class=\"wp-block-spacer\"><\/div>\n<\/div><\/div>\n\n\n\n<div class=\"wp-block-cover alignfull\" style=\"min-height:600px;aspect-ratio:unset;\"><span aria-hidden=\"true\" class=\"wp-block-cover__background has-nv-site-bg-background-color has-background-dim-100 has-background-dim\"><\/span><div class=\"wp-block-cover__inner-container is-layout-flow wp-block-cover-is-layout-flow\">\n<div class=\"wp-block-group\"><div class=\"wp-block-group__inner-container is-layout-flow wp-block-group-is-layout-flow\">\n<div style=\"height:80px\" aria-hidden=\"true\" class=\"wp-block-spacer\"><\/div>\n\n\n\n<div class=\"wp-block-columns are-vertically-aligned-center is-layout-flex wp-container-core-columns-is-layout-9d6595d7 wp-block-columns-is-layout-flex\">\n<div class=\"wp-block-column is-vertically-aligned-center is-layout-flow wp-block-column-is-layout-flow\" style=\"padding-right:var(--wp--preset--spacing--30);padding-left:var(--wp--preset--spacing--30);flex-basis:50%\">\n<figure class=\"wp-block-image size-full has-custom-border is-style-default\"><img loading=\"lazy\" decoding=\"async\" width=\"1080\" height=\"1350\" src=\"http:\/\/reyessantana.com\/grupo\/wp-content\/uploads\/2025\/09\/Post-de-Instagram-de-camaras-de-seguridad-moderno-color-negro-con-blanco-y-amarillo-1.png\" alt=\"\" class=\"wp-image-64\" style=\"border-radius:16px\" srcset=\"https:\/\/reyessantana.com\/grupo\/wp-content\/uploads\/2025\/09\/Post-de-Instagram-de-camaras-de-seguridad-moderno-color-negro-con-blanco-y-amarillo-1.png 1080w, https:\/\/reyessantana.com\/grupo\/wp-content\/uploads\/2025\/09\/Post-de-Instagram-de-camaras-de-seguridad-moderno-color-negro-con-blanco-y-amarillo-1-240x300.png 240w, https:\/\/reyessantana.com\/grupo\/wp-content\/uploads\/2025\/09\/Post-de-Instagram-de-camaras-de-seguridad-moderno-color-negro-con-blanco-y-amarillo-1-819x1024.png 819w, https:\/\/reyessantana.com\/grupo\/wp-content\/uploads\/2025\/09\/Post-de-Instagram-de-camaras-de-seguridad-moderno-color-negro-con-blanco-y-amarillo-1-768x960.png 768w\" sizes=\"auto, (max-width: 1080px) 100vw, 1080px\" \/><\/figure>\n<\/div>\n\n\n\n<div class=\"wp-block-column is-vertically-aligned-center is-layout-flow wp-block-column-is-layout-flow\" style=\"padding-right:var(--wp--preset--spacing--30);padding-left:var(--wp--preset--spacing--30);flex-basis:50%\">\n<div style=\"height:20px\" aria-hidden=\"true\" class=\"wp-block-spacer\"><\/div>\n\n\n\n<h2 class=\"wp-block-heading has-text-align-left has-neve-text-color-color has-text-color\">Todo tipo de redes!<\/h2>\n\n\n\n<p class=\"has-text-align-left has-neve-text-color-color has-text-color\" style=\"font-size:17px\">te ofrecemos todo tipo de soluciones adaptadas a t\u00ed | reparaci\u00f3n e instalaci\u00f3n de fibra optica | instalaci\u00f3n de redes cableadas e inal\u00e1mbricas<\/p>\n\n\n\n<p>i<\/p>\n\n\n\n<div class=\"wp-block-buttons has-custom-font-size has-small-font-size is-content-justification-left is-layout-flex wp-container-core-buttons-is-layout-fdcfc74e wp-block-buttons-is-layout-flex\">\n<div class=\"wp-block-button is-style-default\"><a class=\"wp-block-button__link has-nv-text-dark-bg-color has-neve-link-color-background-color has-text-color has-background has-link-color has-custom-font-size wp-element-button\" href=\"https:\/\/reyessantana.com\/grupo\/index.php\/contact\/\" style=\"font-size:16px\">Contacta<\/a><\/div>\n<\/div>\n<\/div>\n<\/div>\n\n\n\n<div class=\"wp-block-columns are-vertically-aligned-center is-layout-flex wp-container-core-columns-is-layout-9d6595d7 wp-block-columns-is-layout-flex\">\n<div class=\"wp-block-column is-vertically-aligned-center is-layout-flow wp-block-column-is-layout-flow\" style=\"padding-right:var(--wp--preset--spacing--30);padding-left:var(--wp--preset--spacing--30);flex-basis:50%\">\n<div style=\"height:20px\" aria-hidden=\"true\" class=\"wp-block-spacer\"><\/div>\n\n\n\n<h2 class=\"wp-block-heading has-text-align-left has-neve-text-color-color has-text-color\">PerfectScreen<\/h2>\n\n\n\n<p class=\"has-text-align-left has-neve-text-color-color has-text-color\" style=\"font-size:17px\">Nuestra propia marca de pantallas led exterior en Canarias, especializados en venta y renting (alquiler) con mantenimiento incluido<\/p>\n\n\n\n<div class=\"wp-block-buttons has-custom-font-size has-small-font-size is-content-justification-left is-layout-flex wp-container-core-buttons-is-layout-fdcfc74e wp-block-buttons-is-layout-flex\">\n<div class=\"wp-block-button is-style-default\"><a class=\"wp-block-button__link has-nv-text-dark-bg-color has-neve-link-color-background-color has-text-color has-background has-link-color has-custom-font-size wp-element-button\" href=\"http:\/\/www.perfectscreen.eu\" style=\"font-size:16px\">Visitanos<\/a><\/div>\n<\/div>\n<\/div>\n\n\n\n<div class=\"wp-block-column is-vertically-aligned-center is-layout-flow wp-block-column-is-layout-flow\" style=\"padding-right:var(--wp--preset--spacing--30);padding-left:var(--wp--preset--spacing--30);flex-basis:50%\">\n<figure class=\"wp-block-image size-full has-custom-border is-style-default\"><img loading=\"lazy\" decoding=\"async\" width=\"469\" height=\"394\" src=\"http:\/\/reyessantana.com\/grupo\/wp-content\/uploads\/2025\/09\/Outdoor-advertising-LCD-screens.jpg\" alt=\"\" class=\"wp-image-81\" style=\"border-radius:16px\" srcset=\"https:\/\/reyessantana.com\/grupo\/wp-content\/uploads\/2025\/09\/Outdoor-advertising-LCD-screens.jpg 469w, https:\/\/reyessantana.com\/grupo\/wp-content\/uploads\/2025\/09\/Outdoor-advertising-LCD-screens-300x252.jpg 300w\" sizes=\"auto, (max-width: 469px) 100vw, 469px\" \/><\/figure>\n<\/div>\n<\/div>\n\n\n\n<div style=\"height:40px\" aria-hidden=\"true\" class=\"wp-block-spacer\"><\/div>\n<\/div><\/div>\n<\/div><\/div>\n\n\n\n<div class=\"wp-block-cover alignfull\" style=\"min-height:300px;aspect-ratio:unset;\"><span aria-hidden=\"true\" class=\"wp-block-cover__background has-neve-link-color-background-color has-background-dim-100 has-background-dim\"><\/span><div class=\"wp-block-cover__inner-container is-layout-flow wp-block-cover-is-layout-flow\">\n<div style=\"height:140px\" aria-hidden=\"true\" class=\"wp-block-spacer\"><\/div>\n\n\n\n<div class=\"wp-block-columns is-layout-flex wp-container-core-columns-is-layout-9d6595d7 wp-block-columns-is-layout-flex\">\n<div class=\"wp-block-column is-layout-flow wp-block-column-is-layout-flow\" style=\"flex-basis:20%\"><\/div>\n\n\n\n<div class=\"wp-block-column is-layout-flow wp-block-column-is-layout-flow\" style=\"flex-basis:60%\">\n<div class=\"wp-block-group\"><div class=\"wp-block-group__inner-container is-layout-constrained wp-block-group-is-layout-constrained\">\n<h2 class=\"wp-block-heading has-text-align-center has-nv-text-dark-bg-color has-text-color\">no te queremos convencer de nada, simplemente danos la oportunidad de conocerte<\/h2>\n\n\n\n<p class=\"has-text-align-center has-nv-text-dark-bg-color has-text-color has-link-color wp-elements-194b0a50d380b148987102aba4742709\">reyessantana.com es una marca de AdriGi Canarias, S.L.U. | Los Algarrobos, 17 &#8211; 2 | Pol\u00edgono de Arinaga | Las Palmas<\/p>\n\n\n\n<div class=\"wp-block-buttons is-horizontal is-content-justification-center is-layout-flex wp-container-core-buttons-is-layout-499968f5 wp-block-buttons-is-layout-flex\">\n<div class=\"wp-block-button is-style-primary\"><a class=\"wp-block-button__link has-neve-link-color-color has-text-color has-background has-link-color wp-element-button\" href=\"https:\/\/reyessantana.com\/grupo\/index.php\/contact\/\" style=\"background-color:#ffffff\">Contacta<\/a><\/div>\n<\/div>\n<\/div><\/div>\n<\/div>\n\n\n\n<div class=\"wp-block-column is-layout-flow wp-block-column-is-layout-flow\" style=\"flex-basis:20%\"><\/div>\n<\/div>\n\n\n\n<div style=\"height:140px\" aria-hidden=\"true\" class=\"wp-block-spacer\"><\/div>\n<\/div><\/div>\n","protected":false},"excerpt":{"rendered":"<p>Negocios Ayudamos a tu negocio con todo tipo de soluciones tecnol\u00f3gicas Productos Venta de las mejores marcas electr\u00f3nicas | cctv Proyectos Te ayudamos a que tu proyecto sea una realidad Presupuestos Tu presupuesto sin compromiso en las 7 islas<\/p>\n","protected":false},"author":1,"featured_media":0,"parent":0,"menu_order":0,"comment_status":"closed","ping_status":"closed","template":"","meta":{"neve_meta_sidebar":"","neve_meta_container":"","neve_meta_enable_content_width":"on","neve_meta_content_width":100,"neve_meta_title_alignment":"","neve_meta_author_avatar":"","neve_post_elements_order":"","neve_meta_disable_header":"","neve_meta_disable_footer":"","neve_meta_disable_title":"on","footnotes":""},"class_list":["post-15","page","type-page","status-publish","hentry"],"_links":{"self":[{"href":"https:\/\/reyessantana.com\/grupo\/index.php\/wp-json\/wp\/v2\/pages\/15","targetHints":{"allow":["GET"]}}],"collection":[{"href":"https:\/\/reyessantana.com\/grupo\/index.php\/wp-json\/wp\/v2\/pages"}],"about":[{"href":"https:\/\/reyessantana.com\/grupo\/index.php\/wp-json\/wp\/v2\/types\/page"}],"author":[{"embeddable":true,"href":"https:\/\/reyessantana.com\/grupo\/index.php\/wp-json\/wp\/v2\/users\/1"}],"replies":[{"embeddable":true,"href":"https:\/\/reyessantana.com\/grupo\/index.php\/wp-json\/wp\/v2\/comments?post=15"}],"version-history":[{"count":14,"href":"https:\/\/reyessantana.com\/grupo\/index.php\/wp-json\/wp\/v2\/pages\/15\/revisions"}],"predecessor-version":[{"id":92,"href":"https:\/\/reyessantana.com\/grupo\/index.php\/wp-json\/wp\/v2\/pages\/15\/revisions\/92"}],"wp:attachment":[{"href":"https:\/\/reyessantana.com\/grupo\/index.php\/wp-json\/wp\/v2\/media?parent=15"}],"curies":[{"name":"wp","href":"https:\/\/api.w.org\/{rel}","templated":true}]}}