{"id":95,"date":"2025-09-08T19:06:24","date_gmt":"2025-09-08T17:06:24","guid":{"rendered":"https:\/\/reyessantana.com\/grupo\/?page_id=95"},"modified":"2025-09-08T19:06:27","modified_gmt":"2025-09-08T17:06:27","slug":"reparaciones-electricas","status":"publish","type":"page","link":"https:\/\/reyessantana.com\/grupo\/index.php\/reparaciones-electricas\/","title":{"rendered":"Reparaciones el\u00e9ctricas"},"content":{"rendered":"\n<p>Empresa autorizada en baja tensi\u00f3n categor\u00eda b\u00e1sica en Canarias<\/p>\n\n\n\n<figure class=\"wp-block-image size-large\"><img loading=\"lazy\" decoding=\"async\" width=\"819\" height=\"1024\" src=\"http:\/\/reyessantana.com\/grupo\/wp-content\/uploads\/2025\/09\/Post-de-Instagram-soporte-tecnico-reparacion-de-computadoras-verde-negro-moderno-819x1024.png\" alt=\"\" class=\"wp-image-65\" srcset=\"https:\/\/reyessantana.com\/grupo\/wp-content\/uploads\/2025\/09\/Post-de-Instagram-soporte-tecnico-reparacion-de-computadoras-verde-negro-moderno-819x1024.png 819w, https:\/\/reyessantana.com\/grupo\/wp-content\/uploads\/2025\/09\/Post-de-Instagram-soporte-tecnico-reparacion-de-computadoras-verde-negro-moderno-240x300.png 240w, https:\/\/reyessantana.com\/grupo\/wp-content\/uploads\/2025\/09\/Post-de-Instagram-soporte-tecnico-reparacion-de-computadoras-verde-negro-moderno-768x960.png 768w, https:\/\/reyessantana.com\/grupo\/wp-content\/uploads\/2025\/09\/Post-de-Instagram-soporte-tecnico-reparacion-de-computadoras-verde-negro-moderno.png 1080w\" sizes=\"auto, (max-width: 819px) 100vw, 819px\" \/><\/figure>\n","protected":false},"excerpt":{"rendered":"<p>Empresa autorizada en baja tensi\u00f3n categor\u00eda b\u00e1sica en Canarias<\/p>\n","protected":false},"author":1,"featured_media":0,"parent":0,"menu_order":0,"comment_status":"closed","ping_status":"closed","template":"","meta":{"neve_meta_sidebar":"","neve_meta_container":"","neve_meta_enable_content_width":"","neve_meta_content_width":0,"neve_meta_title_alignment":"","neve_meta_author_avatar":"","neve_post_elements_order":"","neve_meta_disable_header":"","neve_meta_disable_footer":"","neve_meta_disable_title":"","footnotes":""},"class_list":["post-95","page","type-page","status-publish","hentry"],"_links":{"self":[{"href":"https:\/\/reyessantana.com\/grupo\/index.php\/wp-json\/wp\/v2\/pages\/95","targetHints":{"allow":["GET"]}}],"collection":[{"href":"https:\/\/reyessantana.com\/grupo\/index.php\/wp-json\/wp\/v2\/pages"}],"about":[{"href":"https:\/\/reyessantana.com\/grupo\/index.php\/wp-json\/wp\/v2\/types\/page"}],"author":[{"embeddable":true,"href":"https:\/\/reyessantana.com\/grupo\/index.php\/wp-json\/wp\/v2\/users\/1"}],"replies":[{"embeddable":true,"href":"https:\/\/reyessantana.com\/grupo\/index.php\/wp-json\/wp\/v2\/comments?post=95"}],"version-history":[{"count":1,"href":"https:\/\/reyessantana.com\/grupo\/index.php\/wp-json\/wp\/v2\/pages\/95\/revisions"}],"predecessor-version":[{"id":96,"href":"https:\/\/reyessantana.com\/grupo\/index.php\/wp-json\/wp\/v2\/pages\/95\/revisions\/96"}],"wp:attachment":[{"href":"https:\/\/reyessantana.com\/grupo\/index.php\/wp-json\/wp\/v2\/media?parent=95"}],"curies":[{"name":"wp","href":"https:\/\/api.w.org\/{rel}","templated":true}]}}